{"id":5831,"date":"2021-02-08T23:46:56","date_gmt":"2021-02-08T22:46:56","guid":{"rendered":"https:\/\/gbt-shop.ch\/?page_id=5831"},"modified":"2025-05-16T12:18:01","modified_gmt":"2025-05-16T10:18:01","slug":"reclamations-et-retours","status":"publish","type":"page","link":"https:\/\/gbt-shop.ch\/fr\/reclamations-et-retours\/","title":{"rendered":"R\u00e9clamations et retours"},"content":{"rendered":"<p><strong>R\u00e9clamations<\/strong><\/p>\n<p>En cas de r\u00e9clamation pour cause de d\u00e9faut ou de vice de fabrication, veuillez nous envoyer un courriel \u00e0 <a href=\"mailto:gbtshop@ems-ch.com\">gbtshop@ems-ch.com<\/a> avec une description d\u00e9taill\u00e9e du d\u00e9faut et des photos correspondantes imm\u00e9diatement apr\u00e8s avoir d\u00e9couvert le d\u00e9faut. Nous examinerons votre r\u00e9clamation dans les plus brefs d\u00e9lais et vous contacterons pour discuter des \u00e9tapes suivantes.<\/p>\n<p>&nbsp;<\/p>\n<p><strong>Retours<\/strong><\/p>\n<p>Le retour de marchandises non d\u00e9fectueuses est exclu.<\/p>\n","protected":false},"excerpt":{"rendered":"<p>R\u00e9clamations En cas de r\u00e9clamation pour cause de d\u00e9faut ou de vice de fabrication, veuillez nous envoyer un courriel \u00e0 gbtshop@ems-ch.com avec une description d\u00e9taill\u00e9e du d\u00e9faut et des photos correspondantes imm\u00e9diatement apr\u00e8s avoir d\u00e9couvert le d\u00e9faut. Nous examinerons votre r\u00e9clamation dans les plus brefs d\u00e9lais et vous contacterons pour discuter des \u00e9tapes suivantes. &nbsp; [&hellip;]<\/p>\n","protected":false},"author":592,"featured_media":0,"parent":0,"menu_order":0,"comment_status":"closed","ping_status":"closed","template":"pg-services.php","meta":{"_acf_changed":false,"site-sidebar-layout":"default","site-content-layout":"page-builder","ast-site-content-layout":"full-width-container","site-content-style":"unboxed","site-sidebar-style":"unboxed","ast-global-header-display":"","ast-banner-title-visibility":"","ast-main-header-display":"","ast-hfb-above-header-display":"","ast-hfb-below-header-display":"","ast-hfb-mobile-header-display":"","site-post-title":"","ast-breadcrumbs-content":"","ast-featured-img":"","footer-sml-layout":"","ast-disable-related-posts":"","theme-transparent-header-meta":"default","adv-header-id-meta":"","stick-header-meta":"default","header-above-stick-meta":"","header-main-stick-meta":"","header-below-stick-meta":"","astra-migrate-meta-layouts":"set","ast-page-background-enabled":"default","ast-page-background-meta":{"desktop":{"background-color":"","background-image":"","background-repeat":"repeat","background-position":"center center","background-size":"auto","background-attachment":"scroll","background-type":"","background-media":"","overlay-type":"","overlay-color":"","overlay-opacity":"","overlay-gradient":""},"tablet":{"background-color":"","background-image":"","background-repeat":"repeat","background-position":"center center","background-size":"auto","background-attachment":"scroll","background-type":"","background-media":"","overlay-type":"","overlay-color":"","overlay-opacity":"","overlay-gradient":""},"mobile":{"background-color":"","background-image":"","background-repeat":"repeat","background-position":"center center","background-size":"auto","background-attachment":"scroll","background-type":"","background-media":"","overlay-type":"","overlay-color":"","overlay-opacity":"","overlay-gradient":""}},"ast-content-background-meta":{"desktop":{"background-color":"var(--ast-global-color-5)","background-image":"","background-repeat":"repeat","background-position":"center center","background-size":"auto","background-attachment":"scroll","background-type":"","background-media":"","overlay-type":"","overlay-color":"","overlay-opacity":"","overlay-gradient":""},"tablet":{"background-color":"var(--ast-global-color-5)","background-image":"","background-repeat":"repeat","background-position":"center center","background-size":"auto","background-attachment":"scroll","background-type":"","background-media":"","overlay-type":"","overlay-color":"","overlay-opacity":"","overlay-gradient":""},"mobile":{"background-color":"var(--ast-global-color-5)","background-image":"","background-repeat":"repeat","background-position":"center center","background-size":"auto","background-attachment":"scroll","background-type":"","background-media":"","overlay-type":"","overlay-color":"","overlay-opacity":"","overlay-gradient":""}},"footnotes":""},"class_list":["post-5831","page","type-page","status-publish","hentry"],"acf":[],"_links":{"self":[{"href":"https:\/\/gbt-shop.ch\/fr\/wp-json\/wp\/v2\/pages\/5831","targetHints":{"allow":["GET"]}}],"collection":[{"href":"https:\/\/gbt-shop.ch\/fr\/wp-json\/wp\/v2\/pages"}],"about":[{"href":"https:\/\/gbt-shop.ch\/fr\/wp-json\/wp\/v2\/types\/page"}],"author":[{"embeddable":true,"href":"https:\/\/gbt-shop.ch\/fr\/wp-json\/wp\/v2\/users\/592"}],"replies":[{"embeddable":true,"href":"https:\/\/gbt-shop.ch\/fr\/wp-json\/wp\/v2\/comments?post=5831"}],"version-history":[{"count":3,"href":"https:\/\/gbt-shop.ch\/fr\/wp-json\/wp\/v2\/pages\/5831\/revisions"}],"predecessor-version":[{"id":6796,"href":"https:\/\/gbt-shop.ch\/fr\/wp-json\/wp\/v2\/pages\/5831\/revisions\/6796"}],"wp:attachment":[{"href":"https:\/\/gbt-shop.ch\/fr\/wp-json\/wp\/v2\/media?parent=5831"}],"curies":[{"name":"wp","href":"https:\/\/api.w.org\/{rel}","templated":true}]}}