{"id":5836,"date":"2021-02-22T15:07:42","date_gmt":"2021-02-22T14:07:42","guid":{"rendered":"https:\/\/gbt-shop.ch\/?page_id=5836"},"modified":"2025-05-16T12:19:58","modified_gmt":"2025-05-16T10:19:58","slug":"certification-gbt","status":"publish","type":"page","link":"https:\/\/gbt-shop.ch\/fr\/certification-gbt\/","title":{"rendered":"CERTIFICATION GBT"},"content":{"rendered":"<h2>QU&rsquo;EST-CE QUE LA <span style=\"color: #ff0000;\">CERTIFICATION GBT ?<\/span><\/h2>\n<p>Avec la certification GBT, EMS a cr\u00e9\u00e9 un r\u00e9seau de cabinets dentaires offrant le plus haut niveau de prophylaxie dentaire. Les cabinets certifi\u00e9s GBT travaillent selon le protocole de th\u00e9rapie guid\u00e9e par biofilm, fond\u00e9 sur des donn\u00e9es probantes, et peuvent b\u00e9n\u00e9ficier de services suppl\u00e9mentaires attractifs et rentables.<\/p>\n<p>Avantages de la certification GBT :<\/p>\n<ul>\n<li>Visibilit\u00e9 accrue gr\u00e2ce au portail en ligne GBT Finder sur notre site web patient<\/li>\n<li>Soutien dynamique \u00e0 votre marketing patient<\/li>\n<li>Formation accr\u00e9dit\u00e9e CE par l&rsquo;Acad\u00e9mie dentaire suisse pour tous vos collaborateurs<\/li>\n<li>Offres exclusives sur les produits et services dans notre boutique GBT<\/li>\n<li>Service client EMS prioritaire pour les cabinets certifi\u00e9s GBT<\/li>\n<\/ul>\n<p>Dites OUI \u00e0 la GBT, la r\u00e9f\u00e9rence en mati\u00e8re de pr\u00e9vention et de prophylaxie, pour la garantie :<\/p>\n<ul>\n<li>Meilleurs r\u00e9sultats de traitement avec une m\u00e9thode mini-invasive<\/li>\n<li>Exp\u00e9rience patient optimale avec des taux de rappel et une fid\u00e9lisation accrus<\/li>\n<li>Confort utilisateur maximal avec une ergonomie nettement am\u00e9lior\u00e9e<\/li>\n<li>Normes de qualit\u00e9 de cabinet les plus strictes et flux de travail optimis\u00e9s<\/li>\n<li>Dur\u00e9es de traitement plus courtes, permettant ainsi de consacrer plus de temps \u00e0 la motivation individuelle des patients<\/li>\n<li>Chiffre d&rsquo;affaires plus \u00e9lev\u00e9 gr\u00e2ce \u00e0 une meilleure observance des patients<\/li>\n<li>Satisfaction accrue des patients et recommandations accrues<\/li>\n<\/ul>\n<p>Rejoignez-nous, fid\u00e9lisez vos patients, augmentez leur taux de rappel et gagnez de nouveaux clients. Tout cela sans jamais compromettre les r\u00e9sultats de vos traitements ! Avec GBT, vous avez la garantie de b\u00e9n\u00e9ficier de la solution cliniquement test\u00e9e la plus efficace du march\u00e9 !<\/p>\n<p>Vous avez des questions ou souhaitez devenir un cabinet certifi\u00e9 GBT ? Envoyez un e-mail avec les coordonn\u00e9es de votre cabinet \u00e0 <a href=\"mailto:gbtshop@ems-ch.com\">gbtshop@ems-ch.com<\/a> ou utilisez le formulaire de contact. Nous vous contacterons dans les plus brefs d\u00e9lais et serons ravis de vous conseiller.<\/p>\n","protected":false},"excerpt":{"rendered":"<p>QU&rsquo;EST-CE QUE LA CERTIFICATION GBT ? Avec la certification GBT, EMS a cr\u00e9\u00e9 un r\u00e9seau de cabinets dentaires offrant le plus haut niveau de prophylaxie dentaire. Les cabinets certifi\u00e9s GBT travaillent selon le protocole de th\u00e9rapie guid\u00e9e par biofilm, fond\u00e9 sur des donn\u00e9es probantes, et peuvent b\u00e9n\u00e9ficier de services suppl\u00e9mentaires attractifs et rentables. Avantages de [&hellip;]<\/p>\n","protected":false},"author":592,"featured_media":4230,"parent":0,"menu_order":0,"comment_status":"closed","ping_status":"closed","template":"pg-marketing.php","meta":{"_acf_changed":false,"site-sidebar-layout":"default","site-content-layout":"page-builder","ast-site-content-layout":"full-width-container","site-content-style":"unboxed","site-sidebar-style":"unboxed","ast-global-header-display":"","ast-banner-title-visibility":"","ast-main-header-display":"","ast-hfb-above-header-display":"","ast-hfb-below-header-display":"","ast-hfb-mobile-header-display":"","site-post-title":"","ast-breadcrumbs-content":"","ast-featured-img":"","footer-sml-layout":"","ast-disable-related-posts":"","theme-transparent-header-meta":"default","adv-header-id-meta":"","stick-header-meta":"default","header-above-stick-meta":"","header-main-stick-meta":"","header-below-stick-meta":"","astra-migrate-meta-layouts":"set","ast-page-background-enabled":"default","ast-page-background-meta":{"desktop":{"background-color":"","background-image":"","background-repeat":"repeat","background-position":"center center","background-size":"auto","background-attachment":"scroll","background-type":"","background-media":"","overlay-type":"","overlay-color":"","overlay-opacity":"","overlay-gradient":""},"tablet":{"background-color":"","background-image":"","background-repeat":"repeat","background-position":"center center","background-size":"auto","background-attachment":"scroll","background-type":"","background-media":"","overlay-type":"","overlay-color":"","overlay-opacity":"","overlay-gradient":""},"mobile":{"background-color":"","background-image":"","background-repeat":"repeat","background-position":"center center","background-size":"auto","background-attachment":"scroll","background-type":"","background-media":"","overlay-type":"","overlay-color":"","overlay-opacity":"","overlay-gradient":""}},"ast-content-background-meta":{"desktop":{"background-color":"var(--ast-global-color-5)","background-image":"","background-repeat":"repeat","background-position":"center center","background-size":"auto","background-attachment":"scroll","background-type":"","background-media":"","overlay-type":"","overlay-color":"","overlay-opacity":"","overlay-gradient":""},"tablet":{"background-color":"var(--ast-global-color-5)","background-image":"","background-repeat":"repeat","background-position":"center center","background-size":"auto","background-attachment":"scroll","background-type":"","background-media":"","overlay-type":"","overlay-color":"","overlay-opacity":"","overlay-gradient":""},"mobile":{"background-color":"var(--ast-global-color-5)","background-image":"","background-repeat":"repeat","background-position":"center center","background-size":"auto","background-attachment":"scroll","background-type":"","background-media":"","overlay-type":"","overlay-color":"","overlay-opacity":"","overlay-gradient":""}},"footnotes":""},"class_list":["post-5836","page","type-page","status-publish","has-post-thumbnail","hentry"],"acf":[],"_links":{"self":[{"href":"https:\/\/gbt-shop.ch\/fr\/wp-json\/wp\/v2\/pages\/5836","targetHints":{"allow":["GET"]}}],"collection":[{"href":"https:\/\/gbt-shop.ch\/fr\/wp-json\/wp\/v2\/pages"}],"about":[{"href":"https:\/\/gbt-shop.ch\/fr\/wp-json\/wp\/v2\/types\/page"}],"author":[{"embeddable":true,"href":"https:\/\/gbt-shop.ch\/fr\/wp-json\/wp\/v2\/users\/592"}],"replies":[{"embeddable":true,"href":"https:\/\/gbt-shop.ch\/fr\/wp-json\/wp\/v2\/comments?post=5836"}],"version-history":[{"count":5,"href":"https:\/\/gbt-shop.ch\/fr\/wp-json\/wp\/v2\/pages\/5836\/revisions"}],"predecessor-version":[{"id":6802,"href":"https:\/\/gbt-shop.ch\/fr\/wp-json\/wp\/v2\/pages\/5836\/revisions\/6802"}],"wp:featuredmedia":[{"embeddable":true,"href":"https:\/\/gbt-shop.ch\/fr\/wp-json\/wp\/v2\/media\/4230"}],"wp:attachment":[{"href":"https:\/\/gbt-shop.ch\/fr\/wp-json\/wp\/v2\/media?parent=5836"}],"curies":[{"name":"wp","href":"https:\/\/api.w.org\/{rel}","templated":true}]}}