{"id":5841,"date":"2021-01-30T11:39:33","date_gmt":"2021-01-30T10:39:33","guid":{"rendered":"https:\/\/gbt-shop.ch\/?page_id=5841"},"modified":"2025-09-03T09:51:06","modified_gmt":"2025-09-03T07:51:06","slug":"guided-biofilm-therapy","status":"publish","type":"page","link":"https:\/\/gbt-shop.ch\/fr\/guided-biofilm-therapy\/","title":{"rendered":"GUIDED BIOFILM THERAPY"},"content":{"rendered":"<p><a href=\"https:\/\/gbt-shop.ch\/wp-content\/uploads\/2021\/02\/DR-207_DE_rev_C_GBT-Compass.png\"><img loading=\"lazy\" decoding=\"async\" class=\"alignnone wp-image-591\" src=\"https:\/\/gbt-shop.com\/wp-content\/uploads\/2021\/02\/DR-207_DE_rev_C_GBT-Compass-300x212.png\" alt=\"\" width=\"962\" height=\"680\" srcset=\"https:\/\/gbt-shop.ch\/wp-content\/uploads\/2021\/02\/DR-207_DE_rev_C_GBT-Compass-300x212.png 300w, https:\/\/gbt-shop.ch\/wp-content\/uploads\/2021\/02\/DR-207_DE_rev_C_GBT-Compass-600x424.png 600w, https:\/\/gbt-shop.ch\/wp-content\/uploads\/2021\/02\/DR-207_DE_rev_C_GBT-Compass-1024x724.png 1024w, https:\/\/gbt-shop.ch\/wp-content\/uploads\/2021\/02\/DR-207_DE_rev_C_GBT-Compass-768x543.png 768w, https:\/\/gbt-shop.ch\/wp-content\/uploads\/2021\/02\/DR-207_DE_rev_C_GBT-Compass-1536x1086.png 1536w, https:\/\/gbt-shop.ch\/wp-content\/uploads\/2021\/02\/DR-207_DE_rev_C_GBT-Compass-2048x1448.png 2048w\" sizes=\"auto, (max-width: 962px) 100vw, 962px\" \/><\/a><\/p>\n<h2>QU&rsquo;EST-CE QUE LA <span style=\"color: #ff0000;\">GBT ?<\/span><\/h2>\n<p>La th\u00e9rapie guid\u00e9e par biofilm (GBT) est un protocole syst\u00e9matique et fond\u00e9 sur des donn\u00e9es probantes pour la pr\u00e9vention, la prophylaxie et le traitement bucco-dentaires. Sa structure modulaire s&rsquo;applique \u00e0 tous les patients, selon leur indication.<\/p>\n<p>Le protocole comprend huit \u00e9tapes de traitement cons\u00e9cutives, bas\u00e9es sur un diagnostic individuel et une \u00e9valuation des risques, afin d&rsquo;obtenir des r\u00e9sultats optimaux pour le patient. Le traitement est r\u00e9alis\u00e9 de la mani\u00e8re la moins invasive possible, tout en garantissant un confort, une s\u00e9curit\u00e9 et une efficacit\u00e9 optimaux.<\/p>\n<p>Au cours de ces huit \u00e9tapes, les patients sont diagnostiqu\u00e9s, motiv\u00e9s par des techniques de coloration et trait\u00e9s sans douleur. La GBT garantit un bien-\u00eatre optimal et offre les meilleurs r\u00e9sultats cliniques. \u00c0 la Swiss Dental Academy, les professionnels de la prophylaxie apprennent \u00e0 proposer une GBT de haut niveau. Participez au meilleur nettoyage dentaire professionnel de tous les temps et augmentez durablement la satisfaction et la fid\u00e9lit\u00e9 de vos patients.<\/p>\n","protected":false},"excerpt":{"rendered":"<p>QU&rsquo;EST-CE QUE LA GBT ? La th\u00e9rapie guid\u00e9e par biofilm (GBT) est un protocole syst\u00e9matique et fond\u00e9 sur des donn\u00e9es probantes pour la pr\u00e9vention, la prophylaxie et le traitement bucco-dentaires. Sa structure modulaire s&rsquo;applique \u00e0 tous les patients, selon leur indication. Le protocole comprend huit \u00e9tapes de traitement cons\u00e9cutives, bas\u00e9es sur un diagnostic individuel et [&hellip;]<\/p>\n","protected":false},"author":592,"featured_media":4263,"parent":0,"menu_order":0,"comment_status":"closed","ping_status":"closed","template":"pg-marketing.php","meta":{"_acf_changed":false,"site-sidebar-layout":"default","site-content-layout":"page-builder","ast-site-content-layout":"full-width-container","site-content-style":"unboxed","site-sidebar-style":"unboxed","ast-global-header-display":"","ast-banner-title-visibility":"","ast-main-header-display":"","ast-hfb-above-header-display":"","ast-hfb-below-header-display":"","ast-hfb-mobile-header-display":"","site-post-title":"","ast-breadcrumbs-content":"","ast-featured-img":"","footer-sml-layout":"","ast-disable-related-posts":"","theme-transparent-header-meta":"default","adv-header-id-meta":"","stick-header-meta":"enabled","header-above-stick-meta":"","header-main-stick-meta":"","header-below-stick-meta":"","astra-migrate-meta-layouts":"set","ast-page-background-enabled":"default","ast-page-background-meta":{"desktop":{"background-color":"","background-image":"","background-repeat":"repeat","background-position":"center center","background-size":"auto","background-attachment":"scroll","background-type":"","background-media":"","overlay-type":"","overlay-color":"","overlay-opacity":"","overlay-gradient":""},"tablet":{"background-color":"","background-image":"","background-repeat":"repeat","background-position":"center center","background-size":"auto","background-attachment":"scroll","background-type":"","background-media":"","overlay-type":"","overlay-color":"","overlay-opacity":"","overlay-gradient":""},"mobile":{"background-color":"","background-image":"","background-repeat":"repeat","background-position":"center center","background-size":"auto","background-attachment":"scroll","background-type":"","background-media":"","overlay-type":"","overlay-color":"","overlay-opacity":"","overlay-gradient":""}},"ast-content-background-meta":{"desktop":{"background-color":"var(--ast-global-color-5)","background-image":"","background-repeat":"repeat","background-position":"center center","background-size":"auto","background-attachment":"scroll","background-type":"","background-media":"","overlay-type":"","overlay-color":"","overlay-opacity":"","overlay-gradient":""},"tablet":{"background-color":"var(--ast-global-color-5)","background-image":"","background-repeat":"repeat","background-position":"center center","background-size":"auto","background-attachment":"scroll","background-type":"","background-media":"","overlay-type":"","overlay-color":"","overlay-opacity":"","overlay-gradient":""},"mobile":{"background-color":"var(--ast-global-color-5)","background-image":"","background-repeat":"repeat","background-position":"center center","background-size":"auto","background-attachment":"scroll","background-type":"","background-media":"","overlay-type":"","overlay-color":"","overlay-opacity":"","overlay-gradient":""}},"footnotes":""},"class_list":["post-5841","page","type-page","status-publish","has-post-thumbnail","hentry"],"acf":[],"_links":{"self":[{"href":"https:\/\/gbt-shop.ch\/fr\/wp-json\/wp\/v2\/pages\/5841","targetHints":{"allow":["GET"]}}],"collection":[{"href":"https:\/\/gbt-shop.ch\/fr\/wp-json\/wp\/v2\/pages"}],"about":[{"href":"https:\/\/gbt-shop.ch\/fr\/wp-json\/wp\/v2\/types\/page"}],"author":[{"embeddable":true,"href":"https:\/\/gbt-shop.ch\/fr\/wp-json\/wp\/v2\/users\/592"}],"replies":[{"embeddable":true,"href":"https:\/\/gbt-shop.ch\/fr\/wp-json\/wp\/v2\/comments?post=5841"}],"version-history":[{"count":7,"href":"https:\/\/gbt-shop.ch\/fr\/wp-json\/wp\/v2\/pages\/5841\/revisions"}],"predecessor-version":[{"id":7748,"href":"https:\/\/gbt-shop.ch\/fr\/wp-json\/wp\/v2\/pages\/5841\/revisions\/7748"}],"wp:featuredmedia":[{"embeddable":true,"href":"https:\/\/gbt-shop.ch\/fr\/wp-json\/wp\/v2\/media\/4263"}],"wp:attachment":[{"href":"https:\/\/gbt-shop.ch\/fr\/wp-json\/wp\/v2\/media?parent=5841"}],"curies":[{"name":"wp","href":"https:\/\/api.w.org\/{rel}","templated":true}]}}