{"id":5848,"date":"2020-12-22T01:33:33","date_gmt":"2020-12-22T00:33:33","guid":{"rendered":"https:\/\/gbt-shop.ch\/?page_id=5848"},"modified":"2025-12-19T16:42:07","modified_gmt":"2025-12-19T15:42:07","slug":"politique-de-confidentialite-cookies","status":"publish","type":"page","link":"https:\/\/gbt-shop.ch\/fr\/politique-de-confidentialite-cookies\/","title":{"rendered":"Politique de confidentialit\u00e9"},"content":{"rendered":"<h4>Derni\u00e8re mise \u00e0 jour : septembre 2021<\/h4>\n<p>E.M.S. Electro Medical Systems S.A., dont le si\u00e8ge social est situ\u00e9 au Chemin de la Vuarpilli\u00e8re 31, 1260 Nyon, Suisse (\u00ab Nous \u00bb ou \u00ab EMS \u00bb) et ses filiales s&rsquo;engagent \u00e0 sauvegarder et \u00e0 respecter votre vie priv\u00e9e.<\/p>\n<p>La pr\u00e9sente politique de confidentialit\u00e9 d\u00e9finit la base sur laquelle nous traitons les donn\u00e9es personnelles que nous recueillons aupr\u00e8s de vous ou que vous nous fournissez. Les donn\u00e9es personnelles que nous traitons peuvent \u00e9ventuellement \u00eatre fournies \u00e0 EMS par tout membre de notre groupe, y compris nos soci\u00e9t\u00e9s affili\u00e9es, notre holding ultime et ses filiales, \u00e0 des fins commerciales l\u00e9gitimes.<\/p>\n<p>La pr\u00e9sente politique de confidentialit\u00e9 est bas\u00e9e sur les principes directeurs \u00e9nonc\u00e9s dans le r\u00e8glement g\u00e9n\u00e9ral europ\u00e9en sur la protection des donn\u00e9es (\u00ab RGPD \u00bb). Toutefois, lorsque des donn\u00e9es personnelles sont collect\u00e9es et trait\u00e9es par tout autre membre de notre groupe, situ\u00e9 en dehors de l&rsquo;Europe, la loi locale sur la protection des donn\u00e9es peut s&rsquo;appliquer en premier lieu.<\/p>\n<p>Veuillez lire attentivement la politique de confidentialit\u00e9 suivante pour comprendre notre point de vue et nos pratiques concernant vos donn\u00e9es personnelles, la mani\u00e8re dont nous les traiterons et la base sur laquelle elles seront divulgu\u00e9es \u00e0 des tiers.<\/p>\n<p>En visitant les sites web d&rsquo;EMS et\/ou en vous inscrivant \u00e0 un service et\/ou en fournissant des informations vous concernant, vous acceptez et consentez \u00e0 ce que nous traitions vos donn\u00e9es personnelles conform\u00e9ment aux pratiques d\u00e9crites dans la pr\u00e9sente politique de confidentialit\u00e9. Nos sites web peuvent contenir des liens vers et depuis les sites web de nos r\u00e9seaux partenaires, annonceurs, affili\u00e9s ou vers tout autre site web d&rsquo;int\u00e9r\u00eat. Si vous suivez un lien vers l&rsquo;un de ces sites web, veuillez noter que ces sites n&rsquo;ont pas \u00e9t\u00e9 modifi\u00e9s.<\/p>\n<p>&nbsp;<\/p>\n<p>&nbsp;<\/p>\n<h4>LE TYPE DE DONN\u00c9ES QUE NOUS POUVONS COLLECTER \u00c0 VOTRE SUJET:<\/h4>\n<p>Nous pouvons collecter et traiter les donn\u00e9es suivantes vous concernant:<\/p>\n<ul>\n<li>Vous pouvez nous fournir des informations vous concernant en remplissant des formulaires sur ce site web ou des formulaires papier lors d&rsquo;\u00e9v\u00e9nements, ou en correspondant avec nous par t\u00e9l\u00e9phone, e-mail, texte ou autre. Cela inclut les informations que vous fournissez lorsque vous vous inscrivez pour utiliser ce site web, que vous vous abonnez \u00e0 nos services ou que vous vous inscrivez pour recevoir des bulletins d&rsquo;information. Les informations que vous nous fournissez peuvent inclure votre nom, votre adresse physique, votre adresse \u00e9lectronique, vos informations de connexion si vous vous inscrivez \u00e0 nos services en ligne, votre num\u00e9ro de t\u00e9l\u00e9phone, votre langue et votre pays.<\/li>\n<li>Nous pouvons \u00e9galement recevoir et traiter des donn\u00e9es \u00e0 caract\u00e8re personnel vous concernant par l&rsquo;interm\u00e9diaire d&rsquo;autres sites web que nous exploitons. Nous travaillons \u00e9galement en \u00e9troite collaboration avec des tiers (y compris, par exemple, des partenaires commerciaux, des sous-traitants de services techniques et de livraison, des r\u00e9seaux publicitaires, des fournisseurs d&rsquo;analyses, des fournisseurs d&rsquo;informations de recherche) et pouvons recevoir des informations vous concernant de leur part.<\/li>\n<li>Nous pouvons \u00e9galement collecter d&rsquo;autres informations pour g\u00e9rer nos sites web, telles que des informations techniques, notamment l&rsquo;adresse IP (Internet Protocol), le type de navigateur, le fournisseur d&rsquo;acc\u00e8s \u00e0 Internet (FAI), le nombre de clics, le fuseau horaire, la version du navigateur, le syst\u00e8me d&rsquo;exploitation et les pages que vous avez visit\u00e9es.<\/li>\n<li>Nous pouvons traiter des donn\u00e9es \u00e0 caract\u00e8re personnel vous concernant, collect\u00e9es dans le cadre d&rsquo;une relation contractuelle et\/ou commerciale, telles que vos coordonn\u00e9es, l&rsquo;historique de nos interactions avec vous, vos achats chez nous et les informations relatives \u00e0 votre utilisation de nos produits, les adresses de livraison physique et autres coordonn\u00e9es bancaires\/de paiement.<\/li>\n<li>Nous pouvons \u00e9galement traiter d&rsquo;autres contenus tels que des t\u00e9moignages, des enqu\u00eates et des photographies\/vid\u00e9os avec votre consentement explicite.<\/li>\n<\/ul>\n<p>&nbsp;<\/p>\n<h4>POURQUOI L&rsquo;EMS COLLECTE DES DONN\u00c9ES PERSONNELLES ET COMMENT ELLE LES UTILISE:<\/h4>\n<p>Nous ne d\u00e9tenons et ne traitons vos donn\u00e9es \u00e0 caract\u00e8re personnel que si nous disposons d&rsquo;une base l\u00e9gale pour le faire, comme votre consentement, lorsque cela est n\u00e9cessaire pour engager une relation contractuelle avec vous, pour r\u00e9pondre \u00e0 nos int\u00e9r\u00eats l\u00e9gitimes (c&rsquo;est-\u00e0-dire les activit\u00e9s de marketing direct), pour nous conformer \u00e0 des exigences l\u00e9gales ou si nous y sommes autoris\u00e9s.<\/p>\n<p>EMS peut utiliser vos donn\u00e9es personnelles pour tout ou partie des objectifs suivants:<\/p>\n<ul>\n<li><strong>Communications marketing:<\/strong> pour vous fournir des informations sur un de nos produits ou services qui, selon nous, pourrait vous int\u00e9resser ; pour vous fournir des informations sur d&rsquo;autres biens et services que nous offrons et qui sont similaires \u00e0 ceux que vous avez d\u00e9j\u00e0 utilis\u00e9s ; pour adapter le contenu que nous vous pr\u00e9sentons. Toutefois, vous pouvez vous opposer \u00e0 ce mode de traitement de vos donn\u00e9es \u00e0 caract\u00e8re personnel. Dans ce cas, nous cesserons de traiter vos donn\u00e9es \u00e0 des fins de marketing direct.<\/li>\n<li><strong>Service \u00e0 la client\u00e8le:<\/strong> pour vous fournir un service \u00e0 la client\u00e8le, pour fournir le service et pour correspondre avec vous au sujet des services et des produits EMS, pour vous informer des changements apport\u00e9s \u00e0 nos services, lorsque vous le souhaitez ; pour r\u00e9pondre \u00e0 vos demandes de renseignements, \u00e0 vos plaintes et \u00e0 vos commentaires g\u00e9n\u00e9raux sur nos produits.<\/li>\n<li><strong>Ex\u00e9cution des contrats et relations commerciales:<\/strong> nous pouvons collecter et traiter les donn\u00e9es \u00e0 caract\u00e8re personnel n\u00e9cessaires \u00e0 la bonne ex\u00e9cution d&rsquo;un contrat auquel vous \u00eates partie avec EMS. Il peut s&rsquo;agir de la vente de produits, de la distribution et de la gestion apr\u00e8s-vente de nos produits ou services.<\/li>\n<li><strong>Administration du site web:<\/strong> pour administrer nos sites web et pour des op\u00e9rations internes, y compris le d\u00e9veloppement de produits, le d\u00e9pannage, l&rsquo;analyse de donn\u00e9es, les tests, la recherche, les statistiques et les enqu\u00eates ; pour am\u00e9liorer nos sites web et pour veiller \u00e0 ce que le contenu soit pr\u00e9sent\u00e9 de la mani\u00e8re la plus efficace pour vous et pour votre ordinateur ou pour d&rsquo;autres dispositifs utilis\u00e9s pour acc\u00e9der \u00e0 nos sites web.<\/li>\n<li><strong>\u00c9valuation comportementale:<\/strong> nous pouvons traiter des donn\u00e9es \u00e0 caract\u00e8re personnel afin d&rsquo;effectuer une \u00e9valuation, au niveau du groupe, du comportement g\u00e9n\u00e9ral de nos clients, pour l&rsquo;administration du syst\u00e8me et pour fournir des informations statistiques agr\u00e9g\u00e9es sur les modes de navigation et les actions.<\/li>\n<\/ul>\n<p>&nbsp;<\/p>\n<h4>LA PROTECTION DE LA VIE PRIV\u00c9E DES ENFANTS:<\/h4>\n<p>EMS ne recueille pas sciemment de donn\u00e9es personnelles aupr\u00e8s d&rsquo;enfants et ses sites web ne sont pas destin\u00e9s aux enfants. Si EMS d\u00e9couvre qu&rsquo;elle a accidentellement collect\u00e9 des donn\u00e9es personnelles aupr\u00e8s d&rsquo;enfants, elle les supprimera imm\u00e9diatement.<\/p>\n<p>&nbsp;<\/p>\n<h4>LA CONSERVATION DES DONN\u00c9ES:<\/h4>\n<p>EMS et tout membre de notre groupe ne conservent vos donn\u00e9es personnelles que pour une dur\u00e9e n&rsquo;exc\u00e9dant pas celle n\u00e9cessaire \u00e0 la r\u00e9alisation des objectifs pour lesquels ces donn\u00e9es ont \u00e9t\u00e9 initialement collect\u00e9es et\/ou conform\u00e9ment aux obligations sp\u00e9cifiques de conservation des donn\u00e9es pr\u00e9vues par les r\u00e9glementations nationales.<\/p>\n<p>En particulier, en vertu du droit suisse, les dispositions suivantes s&rsquo;appliquent:<\/p>\n<p>Les informations relatives aux transactions juridiques entre vous et EMS sont conserv\u00e9es pendant une p\u00e9riode de 10 ans apr\u00e8s la fin de la transaction juridique, conform\u00e9ment au d\u00e9lai de prescription g\u00e9n\u00e9ral fix\u00e9 pour les r\u00e9clamations civiles en Suisse;<\/p>\n<p>Les informations relatives \u00e0 la facturation sont conserv\u00e9es pendant une p\u00e9riode de 10 ans apr\u00e8s la cl\u00f4ture de l&rsquo;exercice comptable auquel elles se rapportent, conform\u00e9ment aux lois comptables et fiscales suisses;<\/p>\n<p>Les informations de contact (noms, adresses postale et \u00e9lectronique, num\u00e9ros de t\u00e9l\u00e9phone) utilis\u00e9es \u00e0 des fins de marketing direct peuvent \u00eatre conserv\u00e9es pendant une p\u00e9riode illimit\u00e9e, si la loi applicable le permet, \u00e0 moins que vous ne demandiez \u00e0 EMS de supprimer vos informations ou de cesser de les traiter d&rsquo;une autre mani\u00e8re.<\/p>\n<p>&nbsp;<\/p>\n<h4>LE PARTAGE DE VOS INFORMATIONS:<\/h4>\n<p>Nous pouvons partager les donn\u00e9es personnelles que vous nous fournissez avec tout membre de notre groupe, y compris nos soci\u00e9t\u00e9s affili\u00e9es, notre holding ultime et ses filiales, \u00e0 des fins commerciales l\u00e9gitimes.<\/p>\n<p>EMS peut exercer certaines de ses fonctions en faisant appel \u00e0 des fournisseurs tiers pour mener des activit\u00e9s sp\u00e9cialis\u00e9es, par exemple pour nous aider \u00e0 am\u00e9liorer nos sites web, \u00e0 commercialiser nos produits, etc. Les donn\u00e9es personnelles que vous fournissez peuvent \u00eatre partag\u00e9es avec ces fournisseurs afin de leur permettre d&rsquo;effectuer les t\u00e2ches convenues. Toutefois, ces fournisseurs sont tenus d&rsquo;utiliser exclusivement les informations re\u00e7ues pour les services respectifs au nom et selon les instructions d&rsquo;EMS. EMS exigera de ces tiers, qui peuvent \u00eatre bas\u00e9s en dehors du pays \u00e0 partir duquel vous avez acc\u00e9d\u00e9 aux sites web ou aux services d&rsquo;EMS, qu&rsquo;ils se conforment \u00e0 toutes les exigences pertinentes en mati\u00e8re de protection des donn\u00e9es et de s\u00e9curit\u00e9 en ce qui concerne vos donn\u00e9es personnelles.<\/p>\n<p>EMS ne partagera pas vos donn\u00e9es personnelles avec des tiers qui ont l&rsquo;intention de les utiliser \u00e0 des fins de marketing direct.<\/p>\n<p>Si EMS vend ou ach\u00e8te une entreprise ou des actifs, EMS peut divulguer vos donn\u00e9es personnelles au vendeur ou \u00e0 l&rsquo;acheteur potentiel de cette entreprise ou de ces actifs.<\/p>\n<p>EMS peut divulguer des informations personnelles sans votre consentement si la divulgation est :<\/p>\n<ul>\n<li>requis ou autoris\u00e9 par la loi<\/li>\n<li>requis par un organe d&rsquo;ex\u00e9cution pour enqu\u00eater sur des activit\u00e9s ill\u00e9gales<\/li>\n<li>lorsque nous pensons qu&rsquo;il y a une urgence, une activit\u00e9 ill\u00e9gale ou toute autre raison raisonnable de notifier l&rsquo;autorit\u00e9 comp\u00e9tente<\/li>\n<\/ul>\n<p>&nbsp;<\/p>\n<h4>O\u00d9 NOUS STOCKONS VOS DONN\u00c9ES PERSONNELLES:<\/h4>\n<p>EMS peut stocker vos donn\u00e9es personnelles dans diff\u00e9rents endroits et \u00e9ventuellement b\u00e9n\u00e9ficier du soutien de prestataires de services externes.<\/p>\n<p>Voici une liste r\u00e9capitulative:<\/p>\n<ul>\n<li>le(s) centre(s) de donn\u00e9es local(aux) d&rsquo;EMS SA et des autres entit\u00e9s EMS<\/li>\n<li>Centre(s) de donn\u00e9es bas\u00e9(s) sur le nuage EMS<\/li>\n<li>Syst\u00e8mes bas\u00e9s sur l&rsquo;informatique en nuage (SaaS) et plateformes en ligne<\/li>\n<\/ul>\n<p>Nous ne transf\u00e9rerons pas vos donn\u00e9es \u00e0 un destinataire situ\u00e9 en dehors de l&rsquo;Espace \u00e9conomique europ\u00e9en (\u00ab EEE \u00bb), \u00e0 moins que le pays tiers o\u00f9 se trouve le destinataire n&rsquo;assure un niveau ad\u00e9quat de protection des donn\u00e9es ou que nous n&rsquo;ayons mis en place un contrat l\u00e9gal et un m\u00e9canisme de transfert de donn\u00e9es ou toute autre garantie n\u00e9cessaire.<\/p>\n<p>En cas de transfert en dehors de l&rsquo;EEE ou dans un pays ne disposant pas d&rsquo;un niveau ad\u00e9quat de protection des donn\u00e9es, nous sommes \u00e9galement tenus de vous informer et vous avez le droit de nous demander quelles sont les mesures de sauvegarde appropri\u00e9es que nous avons mises en \u0153uvre pour prot\u00e9ger vos donn\u00e9es \u00e0 caract\u00e8re personnel.<\/p>\n<p>&nbsp;<\/p>\n<h4>LES MESURES DE S\u00c9CURIT\u00c9:<\/h4>\n<p>EMS \u00e9tablit la s\u00e9curit\u00e9 conform\u00e9ment au GDPR. Les mesures prises par notre entreprise en mati\u00e8re de s\u00e9curit\u00e9 des donn\u00e9es garantiront un niveau de protection ad\u00e9quat pour les risques concernant la confidentialit\u00e9, l&rsquo;int\u00e9grit\u00e9, la disponibilit\u00e9 et la r\u00e9silience des syst\u00e8mes et des donn\u00e9es.<\/p>\n<p>Nous avons mis en \u0153uvre des mesures de s\u00e9curit\u00e9 pour garantir que vos informations personnelles sont conserv\u00e9es en toute s\u00e9curit\u00e9 et nos sites web et syst\u00e8mes informatiques sont dot\u00e9s de m\u00e9canismes de s\u00e9curit\u00e9 qui contribuent \u00e0 la protection contre la perte, l&rsquo;utilisation abusive et l&rsquo;alt\u00e9ration des informations sous contr\u00f4le.<\/p>\n<p>Nous limitons l&rsquo;acc\u00e8s aux donn\u00e9es personnelles vous concernant \u00e0 nos employ\u00e9s et aux agents tiers qui, selon nous, ont raisonnablement besoin d&rsquo;acc\u00e9der \u00e0 vos informations pour vous fournir les informations ou les services que vous nous demandez.<\/p>\n<p>Lorsque nous vous avons donn\u00e9 (ou lorsque vous avez choisi) un mot de passe qui vous permet d&rsquo;acc\u00e9der \u00e0 certaines parties de nos sites web, vous \u00eates responsable de la confidentialit\u00e9 de ce mot de passe.<\/p>\n<p>Toutefois, aucune m\u00e9thode de transmission sur l&rsquo;internet n&rsquo;est s\u00fbre \u00e0 100 %. Bien que nous fassions de notre mieux pour prot\u00e9ger vos donn\u00e9es personnelles, nous ne pouvons pas garantir la s\u00e9curit\u00e9 absolue de la transmission de vos donn\u00e9es \u00e0 nos syst\u00e8mes. Toute transmission se fait \u00e0 vos risques et p\u00e9rils. Une fois que nous aurons re\u00e7u vos informations, nous utiliserons des proc\u00e9dures strictes et des dispositifs de s\u00e9curit\u00e9 pour tenter d&#8217;emp\u00eacher tout acc\u00e8s non autoris\u00e9.<\/p>\n<p>&nbsp;<\/p>\n<h4>VOS DROITS:<\/h4>\n<p>Vous pouvez nous contacter et demander \u00e0 tout moment l&rsquo;acc\u00e8s \u00e0 vos donn\u00e9es personnelles. Nous vous fournirons une copie de vos donn\u00e9es personnelles sur demande.<\/p>\n<p>Vous pouvez nous demander de corriger toute inexactitude dans vos donn\u00e9es personnelles.<\/p>\n<p>Vous pouvez nous demander de supprimer les informations que nous avons sur votre compte. Cependant, nous devons conserver certaines informations sur les transactions, \u00e0 des fins de conformit\u00e9 l\u00e9gale, et il se peut donc que nous ne puissions pas supprimer compl\u00e8tement vos informations dans certaines circonstances.<\/p>\n<p>Vous pouvez \u00e0 tout moment nous demander de vous d\u00e9sabonner des communications marketing. Si vous souhaitez vous d\u00e9sabonner des communications marketing, vous pouvez le faire en cliquant sur le lien de d\u00e9sabonnement fourni dans chaque e-mail.<\/p>\n<p>Vous avez le droit d&rsquo;\u00eatre inform\u00e9 de tout processus de prise de d\u00e9cision automatis\u00e9e, y compris le profilage, que nous pourrions d\u00e9cider de mettre en \u0153uvre.<\/p>\n<p>Si vous estimez que le traitement de vos donn\u00e9es personnelles enfreint la l\u00e9gislation europ\u00e9enne en mati\u00e8re de protection des donn\u00e9es, vous avez le droit de d\u00e9poser une plainte aupr\u00e8s de l&rsquo;autorit\u00e9 comp\u00e9tente du pays o\u00f9 vous \u00eates bas\u00e9 ou de tout autre endroit de l&rsquo;UE o\u00f9 vous estimez que l&rsquo;infraction a \u00e9t\u00e9 commise.<\/p>\n<p>Vous pouvez exercer vos droits \u00e0 tout moment en nous contactant \u00e0 l&rsquo;adresse indiqu\u00e9e ci-dessous.<\/p>\n<p>&nbsp;<\/p>\n<p>&nbsp;<\/p>\n<h4>COOKIES:<\/h4>\n<p>Pour des informations d\u00e9taill\u00e9es concernant les cookies et la protection des donn\u00e9es, veuillez consulter notre page d\u00e9di\u00e9e intitul\u00e9e \u00ab Politique en mati\u00e8re de cookies \u00bb sur le site web de notre entreprise.<\/p>\n<p>&nbsp;<\/p>\n<h4>LES MODIFICATIONS APPORT\u00c9ES \u00c0 NOTRE POLITIQUE DE PROTECTION DE LA VIE PRIV\u00c9E:<\/h4>\n<p>EMS se r\u00e9serve le droit de modifier cette politique de confidentialit\u00e9 \u00e0 tout moment. Nous vous encourageons \u00e0 visiter r\u00e9guli\u00e8rement nos sites web pour vous assurer que vous \u00eates au courant des changements apport\u00e9s \u00e0 cette politique de confidentialit\u00e9. Si nous apportons des modifications importantes \u00e0 cette politique de confidentialit\u00e9, nous vous en informerons ici, par courrier \u00e9lectronique ou au moyen d&rsquo;un avis sur notre page d&rsquo;accueil.<\/p>\n<p>La date figurant en haut de cette page indique la date de la derni\u00e8re mise \u00e0 jour de cette politique de confidentialit\u00e9.<\/p>\n<p>&nbsp;<\/p>\n<p>&nbsp;<\/p>\n<h4>COORDONN\u00c9ES:<\/h4>\n<p>Si vous avez des questions, des commentaires ou des demandes concernant vos donn\u00e9es personnelles, veuillez nous envoyer un e-mail \u00e0 l&rsquo;adresse suivante: <a href=\"mailto:privacy@ems-ch.com\">privacy@ems-ch.com<\/a> ou nous contacter \u00e0 l&rsquo;adresse suivante :<\/p>\n<p><strong>E.M.S. Electro Medical Systems S.A<\/strong><br \/>\n<strong>D\u00e9l\u00e9gu\u00e9 \u00e0 la protection des donn\u00e9es<\/strong><br \/>\n<strong>Chemin de la Vuarpilli\u00e8re 31<\/strong><br \/>\n<strong>1260 Nyon, Suisse<\/strong><\/p>\n","protected":false},"excerpt":{"rendered":"<p>Derni\u00e8re mise \u00e0 jour : septembre 2021 E.M.S. Electro Medical Systems S.A., dont le si\u00e8ge social est situ\u00e9 au Chemin de la Vuarpilli\u00e8re 31, 1260 Nyon, Suisse (\u00ab Nous \u00bb ou \u00ab EMS \u00bb) et ses filiales s&rsquo;engagent \u00e0 sauvegarder et \u00e0 respecter votre vie priv\u00e9e. La pr\u00e9sente politique de confidentialit\u00e9 d\u00e9finit la base sur [&hellip;]<\/p>\n","protected":false},"author":592,"featured_media":0,"parent":0,"menu_order":100,"comment_status":"closed","ping_status":"open","template":"pg-services.php","meta":{"_acf_changed":false,"site-sidebar-layout":"default","site-content-layout":"page-builder","ast-site-content-layout":"full-width-container","site-content-style":"unboxed","site-sidebar-style":"unboxed","ast-global-header-display":"","ast-banner-title-visibility":"","ast-main-header-display":"","ast-hfb-above-header-display":"","ast-hfb-below-header-display":"","ast-hfb-mobile-header-display":"","site-post-title":"","ast-breadcrumbs-content":"","ast-featured-img":"","footer-sml-layout":"","ast-disable-related-posts":"","theme-transparent-header-meta":"default","adv-header-id-meta":"","stick-header-meta":"default","header-above-stick-meta":"","header-main-stick-meta":"","header-below-stick-meta":"","astra-migrate-meta-layouts":"set","ast-page-background-enabled":"default","ast-page-background-meta":{"desktop":{"background-color":"","background-image":"","background-repeat":"repeat","background-position":"center center","background-size":"auto","background-attachment":"scroll","background-type":"","background-media":"","overlay-type":"","overlay-color":"","overlay-opacity":"","overlay-gradient":""},"tablet":{"background-color":"","background-image":"","background-repeat":"repeat","background-position":"center center","background-size":"auto","background-attachment":"scroll","background-type":"","background-media":"","overlay-type":"","overlay-color":"","overlay-opacity":"","overlay-gradient":""},"mobile":{"background-color":"","background-image":"","background-repeat":"repeat","background-position":"center center","background-size":"auto","background-attachment":"scroll","background-type":"","background-media":"","overlay-type":"","overlay-color":"","overlay-opacity":"","overlay-gradient":""}},"ast-content-background-meta":{"desktop":{"background-color":"var(--ast-global-color-5)","background-image":"","background-repeat":"repeat","background-position":"center center","background-size":"auto","background-attachment":"scroll","background-type":"","background-media":"","overlay-type":"","overlay-color":"","overlay-opacity":"","overlay-gradient":""},"tablet":{"background-color":"var(--ast-global-color-5)","background-image":"","background-repeat":"repeat","background-position":"center center","background-size":"auto","background-attachment":"scroll","background-type":"","background-media":"","overlay-type":"","overlay-color":"","overlay-opacity":"","overlay-gradient":""},"mobile":{"background-color":"var(--ast-global-color-5)","background-image":"","background-repeat":"repeat","background-position":"center center","background-size":"auto","background-attachment":"scroll","background-type":"","background-media":"","overlay-type":"","overlay-color":"","overlay-opacity":"","overlay-gradient":""}},"footnotes":""},"class_list":["post-5848","page","type-page","status-publish","hentry"],"acf":[],"_links":{"self":[{"href":"https:\/\/gbt-shop.ch\/fr\/wp-json\/wp\/v2\/pages\/5848","targetHints":{"allow":["GET"]}}],"collection":[{"href":"https:\/\/gbt-shop.ch\/fr\/wp-json\/wp\/v2\/pages"}],"about":[{"href":"https:\/\/gbt-shop.ch\/fr\/wp-json\/wp\/v2\/types\/page"}],"author":[{"embeddable":true,"href":"https:\/\/gbt-shop.ch\/fr\/wp-json\/wp\/v2\/users\/592"}],"replies":[{"embeddable":true,"href":"https:\/\/gbt-shop.ch\/fr\/wp-json\/wp\/v2\/comments?post=5848"}],"version-history":[{"count":2,"href":"https:\/\/gbt-shop.ch\/fr\/wp-json\/wp\/v2\/pages\/5848\/revisions"}],"predecessor-version":[{"id":7074,"href":"https:\/\/gbt-shop.ch\/fr\/wp-json\/wp\/v2\/pages\/5848\/revisions\/7074"}],"wp:attachment":[{"href":"https:\/\/gbt-shop.ch\/fr\/wp-json\/wp\/v2\/media?parent=5848"}],"curies":[{"name":"wp","href":"https:\/\/api.w.org\/{rel}","templated":true}]}}