{"id":6818,"date":"2021-02-08T23:47:22","date_gmt":"2021-02-08T22:47:22","guid":{"rendered":"https:\/\/gbt-shop.ch\/?page_id=6818"},"modified":"2025-05-16T13:25:54","modified_gmt":"2025-05-16T11:25:54","slug":"options-de-paiement","status":"publish","type":"page","link":"https:\/\/gbt-shop.ch\/fr\/options-de-paiement\/","title":{"rendered":"Options de paiement"},"content":{"rendered":"\r\n<p>Votre achat en ligne doit \u00eatre aussi simple et rapide que possible\u00a0!<\/p>\r\n<p>Vous avez donc le choix entre plusieurs modes de paiement\u00a0:<\/p>\r\n<h3>Carte de cr\u00e9dit\u00a0:<\/h3>\r\n<p>Nous acceptons les cartes de cr\u00e9dit MasterCard, Visa et American Express.<\/p>\r\n<p>La s\u00e9curit\u00e9 de vos paiements en ligne est notre priorit\u00e9 absolue. Il est donc possible que vous deviez v\u00e9rifier votre paiement par carte avec 3D Secure afin de finaliser votre transaction. Contactez votre banque pour en savoir plus sur l&rsquo;authentification 3D Secure.<\/p>\r\n<p>Les informations de paiement ne sont pas enregistr\u00e9es.<\/p>\r\n<h3>Virement bancaire\u00a0:<\/h3>\r\n<p>Le pr\u00e9l\u00e8vement automatique ACH est un moyen de paiement s\u00e9curis\u00e9 et pratique qui ne n\u00e9cessite pas de carte de cr\u00e9dit.<\/p>\r\n<p>Lors du paiement, s\u00e9lectionnez \u00ab\u00a0Pr\u00e9l\u00e8vement automatique\u00a0\u00bb comme mode de paiement.<br \/>Vous serez automatiquement redirig\u00e9 vers notre site web de paiement s\u00e9curis\u00e9 o\u00f9 vous pourrez renseigner vos informations bancaires.<br \/>Une fois le paiement effectu\u00e9, vous serez redirig\u00e9 vers notre boutique. Le virement sera alors effectu\u00e9 sous 5 jours.<br \/>Vous recevrez un e-mail de confirmation.<\/p>\r\n<p>Nos conditions g\u00e9n\u00e9rales de vente s&rsquo;appliquent (<a href=\"https:\/\/gbt-shop.ch\/gtc\/\">CGV<\/a>).<\/p>\r\n","protected":false},"excerpt":{"rendered":"<p>Votre achat en ligne doit \u00eatre aussi simple et rapide que possible\u00a0! Vous avez donc le choix entre plusieurs modes de paiement\u00a0: Carte de cr\u00e9dit\u00a0: Nous acceptons les cartes de cr\u00e9dit MasterCard, Visa et American Express. La s\u00e9curit\u00e9 de vos paiements en ligne est notre priorit\u00e9 absolue. Il est donc possible que vous deviez v\u00e9rifier [&hellip;]<\/p>\n","protected":false},"author":592,"featured_media":0,"parent":0,"menu_order":0,"comment_status":"closed","ping_status":"closed","template":"pg-services.php","meta":{"_acf_changed":false,"site-sidebar-layout":"default","site-content-layout":"page-builder","ast-site-content-layout":"full-width-container","site-content-style":"unboxed","site-sidebar-style":"unboxed","ast-global-header-display":"","ast-banner-title-visibility":"","ast-main-header-display":"","ast-hfb-above-header-display":"","ast-hfb-below-header-display":"","ast-hfb-mobile-header-display":"","site-post-title":"","ast-breadcrumbs-content":"","ast-featured-img":"","footer-sml-layout":"","ast-disable-related-posts":"","theme-transparent-header-meta":"default","adv-header-id-meta":"","stick-header-meta":"default","header-above-stick-meta":"","header-main-stick-meta":"","header-below-stick-meta":"","astra-migrate-meta-layouts":"set","ast-page-background-enabled":"default","ast-page-background-meta":{"desktop":{"background-color":"","background-image":"","background-repeat":"repeat","background-position":"center center","background-size":"auto","background-attachment":"scroll","background-type":"","background-media":"","overlay-type":"","overlay-color":"","overlay-opacity":"","overlay-gradient":""},"tablet":{"background-color":"","background-image":"","background-repeat":"repeat","background-position":"center center","background-size":"auto","background-attachment":"scroll","background-type":"","background-media":"","overlay-type":"","overlay-color":"","overlay-opacity":"","overlay-gradient":""},"mobile":{"background-color":"","background-image":"","background-repeat":"repeat","background-position":"center center","background-size":"auto","background-attachment":"scroll","background-type":"","background-media":"","overlay-type":"","overlay-color":"","overlay-opacity":"","overlay-gradient":""}},"ast-content-background-meta":{"desktop":{"background-color":"var(--ast-global-color-5)","background-image":"","background-repeat":"repeat","background-position":"center center","background-size":"auto","background-attachment":"scroll","background-type":"","background-media":"","overlay-type":"","overlay-color":"","overlay-opacity":"","overlay-gradient":""},"tablet":{"background-color":"var(--ast-global-color-5)","background-image":"","background-repeat":"repeat","background-position":"center center","background-size":"auto","background-attachment":"scroll","background-type":"","background-media":"","overlay-type":"","overlay-color":"","overlay-opacity":"","overlay-gradient":""},"mobile":{"background-color":"var(--ast-global-color-5)","background-image":"","background-repeat":"repeat","background-position":"center center","background-size":"auto","background-attachment":"scroll","background-type":"","background-media":"","overlay-type":"","overlay-color":"","overlay-opacity":"","overlay-gradient":""}},"footnotes":""},"class_list":["post-6818","page","type-page","status-publish","hentry"],"acf":[],"_links":{"self":[{"href":"https:\/\/gbt-shop.ch\/fr\/wp-json\/wp\/v2\/pages\/6818","targetHints":{"allow":["GET"]}}],"collection":[{"href":"https:\/\/gbt-shop.ch\/fr\/wp-json\/wp\/v2\/pages"}],"about":[{"href":"https:\/\/gbt-shop.ch\/fr\/wp-json\/wp\/v2\/types\/page"}],"author":[{"embeddable":true,"href":"https:\/\/gbt-shop.ch\/fr\/wp-json\/wp\/v2\/users\/592"}],"replies":[{"embeddable":true,"href":"https:\/\/gbt-shop.ch\/fr\/wp-json\/wp\/v2\/comments?post=6818"}],"version-history":[{"count":1,"href":"https:\/\/gbt-shop.ch\/fr\/wp-json\/wp\/v2\/pages\/6818\/revisions"}],"predecessor-version":[{"id":6822,"href":"https:\/\/gbt-shop.ch\/fr\/wp-json\/wp\/v2\/pages\/6818\/revisions\/6822"}],"wp:attachment":[{"href":"https:\/\/gbt-shop.ch\/fr\/wp-json\/wp\/v2\/media?parent=6818"}],"curies":[{"name":"wp","href":"https:\/\/api.w.org\/{rel}","templated":true}]}}