{"id":6854,"date":"2021-02-08T23:46:35","date_gmt":"2021-02-08T22:46:35","guid":{"rendered":"https:\/\/gbt-shop.ch\/?page_id=6854"},"modified":"2025-05-16T13:35:41","modified_gmt":"2025-05-16T11:35:41","slug":"informations-dexpedition","status":"publish","type":"page","link":"https:\/\/gbt-shop.ch\/fr\/informations-dexpedition\/","title":{"rendered":"INFORMATIONS D&rsquo;EXP\u00c9DITION"},"content":{"rendered":"\r\n<p><span data-contrast=\"auto\">Livraison\u00a0: <\/span><span data-ccp-props=\"{&quot;201341983&quot;:0,&quot;335559739&quot;:160,&quot;335559740&quot;:259}\">\u00a0<\/span><\/p>\r\n<table style=\"height: 181px;\" width=\"1166\" data-tablestyle=\"MsoTableGrid\" data-tablelook=\"1184\">\r\n<tbody>\r\n<tr>\r\n<td data-celllook=\"0\">\r\n<p><strong>Pays<\/strong><\/p>\r\n<\/td>\r\n<td data-celllook=\"0\">\r\n<p><strong>Mode de livraison<\/strong><\/p>\r\n<\/td>\r\n<td data-celllook=\"0\">\r\n<p><strong>D\u00e9lai<\/strong><span data-ccp-props=\"{&quot;201341983&quot;:0,&quot;335559740&quot;:259}\">\u00a0<\/span><\/p>\r\n<\/td>\r\n<td data-celllook=\"0\">\r\n<p><strong>Frais\u00a0<\/strong><\/p>\r\n<\/td>\r\n<\/tr>\r\n<tr>\r\n<td data-celllook=\"0\">\r\n<p>Royaume-Uni \u00c9tats-Unis<\/p>\r\n<\/td>\r\n<td data-celllook=\"0\">\r\n<p>UPS ou FedEx standard<\/p>\r\n<\/td>\r\n<td data-celllook=\"0\">\r\n<p><span data-contrast=\"auto\">3 \u00e0 5 jours<\/span><span data-ccp-props=\"{&quot;201341983&quot;:0,&quot;335559740&quot;:259}\">\u00a0<\/span><\/p>\r\n<\/td>\r\n<td data-celllook=\"0\">\r\n<p><span data-contrast=\"auto\">29 $ plus taxes<\/span><\/p>\r\n<\/td>\r\n<\/tr>\r\n<\/tbody>\r\n<\/table>\r\n<p>Les commandes sup\u00e9rieures \u00e0 199,00 \u20ac seront livr\u00e9es gratuitement.<\/p>\r\n<p>Pour les commandes pass\u00e9es avant 14 h En semaine, nous exp\u00e9dions g\u00e9n\u00e9ralement tous les articles livrables imm\u00e9diatement le jour m\u00eame.<\/p>\r\n<p>La livraison est g\u00e9n\u00e9ralement effectu\u00e9e du lundi au vendredi jusqu&rsquo;\u00e0 18h.<\/p>\r\n<p>Si votre commande est valid\u00e9e, vous recevrez un e-mail de confirmation avec les d\u00e9tails de la commande. Si vous ne recevez pas cet e-mail, veuillez v\u00e9rifier votre filtre anti-spam ou nous contacter \u00e0 l&rsquo;adresse <a href=\"mailto:gbtshop@ems-ch.com\">gbtshop@ems-ch.com<\/a> pour confirmer.<\/p>\r\n<p>Si vous avez besoin d&rsquo;aide concernant votre commande, veuillez nous contacter imm\u00e9diatement au +1 800-367-0367. Veuillez noter qu&rsquo;il est impossible de modifier votre commande une fois exp\u00e9di\u00e9e.<\/p>\r\n<p>Veuillez v\u00e9rifier l&rsquo;exactitude de l&rsquo;adresse saisie. Nous d\u00e9clinons toute responsabilit\u00e9 en cas de non-livraison due \u00e0 une erreur dans l&rsquo;adresse fournie. Si une commande est retourn\u00e9e en raison d&rsquo;une adresse incorrecte, nous vous rembourserons le montant de la commande initiale (hors frais de port) et vous inviterons \u00e0 repasser commande.<\/p>\r\n","protected":false},"excerpt":{"rendered":"<p>Livraison\u00a0: \u00a0 Pays Mode de livraison D\u00e9lai\u00a0 Frais\u00a0 Royaume-Uni \u00c9tats-Unis UPS ou FedEx standard 3 \u00e0 5 jours\u00a0 29 $ plus taxes Les commandes sup\u00e9rieures \u00e0 199,00 \u20ac seront livr\u00e9es gratuitement. Pour les commandes pass\u00e9es avant 14 h En semaine, nous exp\u00e9dions g\u00e9n\u00e9ralement tous les articles livrables imm\u00e9diatement le jour m\u00eame. La livraison est g\u00e9n\u00e9ralement [&hellip;]<\/p>\n","protected":false},"author":592,"featured_media":0,"parent":0,"menu_order":0,"comment_status":"closed","ping_status":"closed","template":"pg-services.php","meta":{"_acf_changed":false,"site-sidebar-layout":"default","site-content-layout":"page-builder","ast-site-content-layout":"full-width-container","site-content-style":"unboxed","site-sidebar-style":"unboxed","ast-global-header-display":"","ast-banner-title-visibility":"","ast-main-header-display":"","ast-hfb-above-header-display":"","ast-hfb-below-header-display":"","ast-hfb-mobile-header-display":"","site-post-title":"","ast-breadcrumbs-content":"","ast-featured-img":"","footer-sml-layout":"","ast-disable-related-posts":"","theme-transparent-header-meta":"default","adv-header-id-meta":"","stick-header-meta":"default","header-above-stick-meta":"","header-main-stick-meta":"","header-below-stick-meta":"","astra-migrate-meta-layouts":"set","ast-page-background-enabled":"default","ast-page-background-meta":{"desktop":{"background-color":"","background-image":"","background-repeat":"repeat","background-position":"center center","background-size":"auto","background-attachment":"scroll","background-type":"","background-media":"","overlay-type":"","overlay-color":"","overlay-opacity":"","overlay-gradient":""},"tablet":{"background-color":"","background-image":"","background-repeat":"repeat","background-position":"center center","background-size":"auto","background-attachment":"scroll","background-type":"","background-media":"","overlay-type":"","overlay-color":"","overlay-opacity":"","overlay-gradient":""},"mobile":{"background-color":"","background-image":"","background-repeat":"repeat","background-position":"center center","background-size":"auto","background-attachment":"scroll","background-type":"","background-media":"","overlay-type":"","overlay-color":"","overlay-opacity":"","overlay-gradient":""}},"ast-content-background-meta":{"desktop":{"background-color":"var(--ast-global-color-5)","background-image":"","background-repeat":"repeat","background-position":"center center","background-size":"auto","background-attachment":"scroll","background-type":"","background-media":"","overlay-type":"","overlay-color":"","overlay-opacity":"","overlay-gradient":""},"tablet":{"background-color":"var(--ast-global-color-5)","background-image":"","background-repeat":"repeat","background-position":"center center","background-size":"auto","background-attachment":"scroll","background-type":"","background-media":"","overlay-type":"","overlay-color":"","overlay-opacity":"","overlay-gradient":""},"mobile":{"background-color":"var(--ast-global-color-5)","background-image":"","background-repeat":"repeat","background-position":"center center","background-size":"auto","background-attachment":"scroll","background-type":"","background-media":"","overlay-type":"","overlay-color":"","overlay-opacity":"","overlay-gradient":""}},"footnotes":""},"class_list":["post-6854","page","type-page","status-publish","hentry"],"acf":[],"_links":{"self":[{"href":"https:\/\/gbt-shop.ch\/fr\/wp-json\/wp\/v2\/pages\/6854","targetHints":{"allow":["GET"]}}],"collection":[{"href":"https:\/\/gbt-shop.ch\/fr\/wp-json\/wp\/v2\/pages"}],"about":[{"href":"https:\/\/gbt-shop.ch\/fr\/wp-json\/wp\/v2\/types\/page"}],"author":[{"embeddable":true,"href":"https:\/\/gbt-shop.ch\/fr\/wp-json\/wp\/v2\/users\/592"}],"replies":[{"embeddable":true,"href":"https:\/\/gbt-shop.ch\/fr\/wp-json\/wp\/v2\/comments?post=6854"}],"version-history":[{"count":1,"href":"https:\/\/gbt-shop.ch\/fr\/wp-json\/wp\/v2\/pages\/6854\/revisions"}],"predecessor-version":[{"id":6861,"href":"https:\/\/gbt-shop.ch\/fr\/wp-json\/wp\/v2\/pages\/6854\/revisions\/6861"}],"wp:attachment":[{"href":"https:\/\/gbt-shop.ch\/fr\/wp-json\/wp\/v2\/media?parent=6854"}],"curies":[{"name":"wp","href":"https:\/\/api.w.org\/{rel}","templated":true}]}}