{"id":5651,"date":"2020-12-22T01:33:33","date_gmt":"2020-12-22T00:33:33","guid":{"rendered":"https:\/\/gbt-shop.ch\/?page_id=5651"},"modified":"2025-12-19T17:03:42","modified_gmt":"2025-12-19T16:03:42","slug":"informativa-sulla-privacy","status":"publish","type":"page","link":"https:\/\/gbt-shop.ch\/it\/informativa-sulla-privacy\/","title":{"rendered":"Informativa sulla privacy"},"content":{"rendered":"\r\n<div>\r\n<div class=\"paragraph paragraph--type--layout-group paragraph--view-mode--default\">\r\n<div class=\"container-fluid\">\r\n<div class=\"layout-group row row--bg-transparent no-separator\">\r\n<div class=\"field--field_paragraphs field field--name-field-paragraphs field--type-entity-reference-revisions field--label-hidden field--items 2687250\">\r\n<div class=\"field--item loadMoreElem\">\r\n<div class=\"animated paragraph paragraph__text-img paragraph__text-img--one paragraph__text-img--top no-image media- paragraph__text-img--large\">\r\n<div class=\"block__col-text block__col-text--large \">\r\n<div class=\"col--wrapper\">\r\n<div class=\"col__button\"><span style=\"font-size: 1.3em; font-weight: bold;\">Ultimo aggiornamento: settembre 2021<\/span><\/div>\r\n<\/div>\r\n<\/div>\r\n<\/div>\r\n<\/div>\r\n<\/div>\r\n<\/div>\r\n<\/div>\r\n<\/div>\r\n<\/div>\r\n<div>\r\n<div class=\"paragraph paragraph--type--layout-group paragraph--view-mode--default\">\r\n<div class=\"container-fluid\">\r\n<div class=\"layout-group row row--bg-transparent\">\r\n<div class=\"field--field_paragraphs field field--name-field-paragraphs field--type-entity-reference-revisions field--label-hidden field--items 1282211\">\r\n<div class=\"field--item loadMoreElem\">\r\n<div class=\"animated paragraph paragraph__text-img paragraph__text-img--one paragraph__text-img--top no-image media- paragraph__text-img--medium\">\r\n<div class=\"block__col-text block__col-text--medium \">\r\n<div class=\"col--wrapper\">\r\n<div class=\"col__bottom--wrapper\">\r\n<div class=\"col__content\">\r\n<div class=\"field--field_copy field-copy\">E.M.S. Electro Medical Systems S.A., con sede legale a Chemin de la Vuarpilli\u00e8re 31, 1260 Nyon, Svizzera (<strong>&#8220;Noi&#8221;<\/strong>\u00a0o\u00a0<strong>&#8220;EMS&#8221;<\/strong>) e le sue affiliate si impegnano a salvaguardare e rispettare la vostra privacy. La presente Informativa sulla privacy stabilisce le basi su cui trattiamo i dati personali che raccogliamo da voi o che ci fornite. I dati personali da noi trattati possono essere eventualmente forniti a EMS da qualsiasi membro del nostro gruppo, ivi incluse le nostre affiliate, la nostra holding finale e le sue consociate, per finalit\u00e0 commerciali legittime. La presente Informativa sulla privacy si basa sui principi guida delineati nel Regolamento generale europeo sulla protezione dei dati (&#8220;GDPR&#8221;). Tuttavia, qualora i dati personali siano raccolti e trattati da qualsiasi altro membro del nostro gruppo, con sede al di fuori dell&#8217;Europa, potrebbe essere applicata in via primaria la legge locale in materia di protezione dei dati. Vi preghiamo di leggere attentamente la seguente Informativa sulla privacy per comprendere le nostre opinioni e pratiche relative ai vostri dati personali, le nostre modalit\u00e0 di trattamento e le motivazioni in base alle quali saranno divulgati a terzi. Visitando i siti web di EMS e\/o registrandovi per un servizio e\/o fornendo informazioni che vi riguardano, accettate e acconsentite al trattamento dei vostri dati personali secondo le pratiche descritte nella presente Informativa sulla Privacy. I nostri siti web possono contenere link da e verso i siti web di nostre reti di partner, inserzionisti, affiliate o verso qualsiasi altro sito web di interesse. Se si segue un link a uno qualsiasi di questi siti web, si prega di notare che tali siti web hanno proprie politiche in materia di privacy e che non accettiamo alcuna responsabilit\u00e0 per queste politiche. Vi invitiamo a controllare queste politiche prima di inviare qualsiasi dato personale a questi siti web. \u00a0\r\n<h4 class=\"wp-block-heading\">TIPO DI DATI CHE POTREMMO RACCOGLIERE SU DI VOI<\/h4>\r\nPossiamo raccogliere e trattare i seguenti dati che vi riguardano:\r\n<ul>\r\n<li>Potete fornirci informazioni che vi riguardano compilando moduli sul nostro sito web o moduli cartacei durante gli eventi o comunicando con noi per telefono, per e-mail, tramite messaggi o in altro modo. Ci\u00f2 include le informazioni che ci fornite quando vi registrate per utilizzare i nostri siti web, vi iscrivete ai nostri servizi o vi iscrivete alle newsletter. Le informazioni che ci fornite possono includere il vostro nome, l&#8217;indirizzo fisico, l&#8217;indirizzo e-mail, le credenziali di login se vi registrate ai nostri servizi online, il numero di telefono, la lingua e il paese.<\/li>\r\n<li>Possiamo inoltre ricevere e trattare i dati personali che vi riguardano attraverso altri siti web da noi gestiti. Lavoriamo anche a stretto contatto con terzi (tra cui, ad esempio, partner commerciali, subappaltatori di servizi tecnici e di consegna, reti pubblicitarie, fornitori di servizi analitici, fornitori di informazioni di ricerca), che potrebbero fornirci informazioni che vi riguardano.<\/li>\r\n<li>Possiamo anche raccogliere altre informazioni per amministrare i nostri siti web, come ad esempio informazioni tecniche, tra cui l&#8217;indirizzo IP (Internet Protocol), il tipo di browser, l&#8217;Internet Service Provider (ISP), il numero di clic, l&#8217;impostazione del fuso orario, la versione del browser, il sistema operativo e la pagina da voi visitata.<\/li>\r\n<li>Possiamo anche trattare dati personali che vi riguardano raccolti nell&#8217;ambito di un rapporto contrattuale e\/o commerciale, come ad es. informazioni di contatto, cronologia delle nostre interazioni con voi, i prodotti da voi acquistati da noi e informazioni sull&#8217;uso dei nostri prodotti, indirizzi fisici di consegna e altri dati bancari\/di pagamento<\/li>\r\n<li>Possiamo anche trattare altri contenuti, come ad es. testimonianze, indagini e fotografie\/video con il vostro esplicito consenso.<\/li>\r\n<\/ul>\r\n\u00a0\r\n<h4>PERCH\u00c9 EMS RACCOGLIE DATI PERSONALI E COME LI UTILIZZA<\/h4>\r\nConserviamo e trattiamo i vostri dati personali unicamente se abbiamo una base legale per farlo, ad esempio il vostro consenso qualora sia necessario per intraprendere un rapporto contrattuale con voi, per soddisfare i nostri legittimi interessi (ossia attivit\u00e0 di marketing diretto), per rispettare i requisiti di legge o se autorizzati. EMS pu\u00f2 utilizzare i vostri dati personali per alcune o tutte le seguenti finalit\u00e0:\r\n<ul>\r\n<li><strong>Comunicazioni di marketing:<\/strong>\u00a0per fornirvi informazioni su un nostro prodotto o servizio che riteniamo possa essere di vostro interesse; per fornirvi informazioni su altri prodotti e servizi da noi offerti, simili a quelli che avete gi\u00e0 utilizzato; per personalizzare il contenuto che vi mostriamo. Potete tuttavia opporvi a questa modalit\u00e0 di trattamento dei vostri dati personali. In tal caso, interromperemo il trattamento dei vostri dati per finalit\u00e0 di marketing diretto.<\/li>\r\n<li><strong>Servizio clienti:<\/strong>\u00a0per garantirvi il servizio clienti, per fornire tale servizio e per comunicare con voi in relazione ai servizi e ai prodotti EMS, per informarvi sulle modifiche ai nostri servizi, qualora decidiate in tal senso; per rispondere a vostre richieste, reclami e feedback generali riguardanti i nostri prodotti.<\/li>\r\n<li><strong>Esecuzione di contratti e rapporto commerciale:<\/strong>\u00a0possiamo raccogliere e trattare i dati personali necessari per la corretta esecuzione di un contratto di cui siete parte con EMS. Ci\u00f2 pu\u00f2 includere la vendita di prodotti, la distribuzione e la gestione post-vendita dei nostri prodotti o servizi.<\/li>\r\n<li><strong>Amministrazione del sito web:<\/strong>\u00a0per amministrare i nostri siti web e per operazioni interne, tra cui lo sviluppo dei prodotti, la risoluzione di problemi, l&#8217;analisi dei dati, i test, la ricerca, e finalit\u00e0 di indagine e statistiche; per migliorare i nostri siti web e per garantire che i contenuti siano presentati nel modo pi\u00f9 efficace per voi e per il vostro computer o per altri dispositivi utilizzati per accedere ai nostri siti web.<\/li>\r\n<li><strong>Valutazione comportamentale:<\/strong>\u00a0possiamo trattare i dati personali per effettuare una valutazione, a livello di gruppo, del comportamento generale dei nostri clienti, per l&#8217;amministrazione del sistema e per segnalare informazioni statistiche aggregate su modelli di navigazione e azioni.<\/li>\r\n<\/ul>\r\n\u00a0\r\n<h4>PROTEZIONE DELLA PRIVACY DEI MINORI<\/h4>\r\nEMS non raccoglie consapevolmente dati personali da minori e i suoi siti web non sono destinati ai minori. Qualora EMS scopra di avere casualmente raccolto dati personali di minori, provveder\u00e0 a cancellarli immediatamente. \u00a0\r\n<h4>CONSERVAZIONE DEI DATI<\/h4>\r\nEMS e qualsiasi membro del nostro gruppo conservano i vostri dati personali soltanto per un arco di tempo non superiore a quello necessario per il conseguimento delle finalit\u00e0 per le quali sono stati inizialmente raccolti e\/o in conformit\u00e0 con gli obblighi specifici di conservazione dei dati stabiliti dalle normative nazionali. Ai sensi del diritto svizzero, si applica in particolare quanto segue: Le informazioni riguardanti il rapporto giuridico tra voi e EMS vengono conservate per un periodo di 10 anni dalla conclusione del rapporto giuridico, in conformit\u00e0 con il termine di prescrizione generale stabilito per le azioni civili in Svizzera; I dati di fatturazione vengono conservati per un periodo di 10 anni dalla chiusura dell&#8217;esercizio contabile a cui si riferiscono, in conformit\u00e0 alle leggi svizzere in materia contabile e fiscale; Le informazioni di contatto (nomi, indirizzi postali ed e-mail, numeri di telefono) utilizzate per finalit\u00e0 di marketing diretto possono essere conservate per un periodo di tempo illimitato, se consentito dalla legge applicabile, a meno che non chiediate a EMS di cancellare le vostre informazioni o di interromperne in altro modo il trattamento. \u00a0\r\n<h4>CONDIVISIONE DELLE INFORMAZIONI CHE VI RIGUARDANO<\/h4>\r\nPossiamo condividere i dati personali che ci avete fornito con qualsiasi membro del nostro gruppo, ivi incluse le nostre affiliate, la nostra holding finale e le sue consociate, per finalit\u00e0 commerciali legittime. EMS pu\u00f2 svolgere alcune delle proprie funzioni affidandosi a fornitori terzi per condurre attivit\u00e0 specialistiche, ad es. assisterci nel miglioramento dei nostri siti web, nella commercializzazione dei nostri prodotti, ecc. I dati personali da voi forniti possono essere condivisi con questi fornitori per consentire loro di svolgere i compiti concordati. Tuttavia, questi fornitori sono tenuti a utilizzare le informazioni ricevute esclusivamente per svolgere i rispettivi servizi per conto e secondo le istruzioni di EMS. EMS richieder\u00e0 a tali terzi, che potrebbero avere sede in un paese diverso da quello in cui avete avuto accesso ai siti web o al servizio EMS, di rispettare tutti i requisiti inerenti la protezione e la sicurezza dei vostri dati personali. EMS non condivider\u00e0 i vostri dati personali con terzi che intendono utilizzarli per proprie finalit\u00e0 di marketing diretto. Nel caso in cui EMS venda o acquisti qualsiasi azienda o attivit\u00e0, EMS potr\u00e0 divulgare i vostri dati personali al potenziale venditore o acquirente di tale azienda o attivit\u00e0. EMS pu\u00f2 divulgare le informazioni personali senza il vostro consenso qualora la divulgazione:\r\n<ul>\r\n<li>sia richiesta o autorizzata per legge<\/li>\r\n<li>sia richiesta dalle forze dell&#8217;ordine a fini di investigazione su attivit\u00e0 illecite<\/li>\r\n<li>laddove reputiamo che sussistano un&#8217;emergenza, un&#8217;attivit\u00e0 illegale o altri ragionevoli motivi per la notifica all&#8217;autorit\u00e0 competente<\/li>\r\n<\/ul>\r\n\u00a0\r\n<h4>DOVE CONSERVIAMO I VOSTRI DATI PERSONALI<\/h4>\r\nEMS pu\u00f2 conservare i vostri dati personali in vari luoghi ed eventualmente avvalersi del supporto di fornitori di servizi esterni. Si riporta qui di seguito un elenco riassuntivo:\r\n<ul>\r\n<li>Datacenter locali EMS presso EMS SA e altre entit\u00e0 EMS<\/li>\r\n<li>Datacenter EMS basati su cloud<\/li>\r\n<li>Sistemi basati su cloud (SaaS) e piattaforme online<\/li>\r\n<\/ul>\r\nNon trasferiremo i vostri dati a destinatari situati al di fuori dello Spazio Economico Europeo (&#8220;SEE&#8221;), a meno che il paese terzo in cui si trova il destinatario non garantisca un adeguato livello di protezione dei dati o a meno che abbiamo implementato un contratto legale e un meccanismo di trasferimento dei dati o qualsiasi altra necessaria misura di salvaguardia. In caso di trasferimento al di fuori del SEE o in un paese che non preveda un adeguato livello di protezione dei dati, siamo inoltre tenuti a informarvi e voi avete il diritto di richiederci quali adeguate misure di salvaguardia abbiamo adottato per proteggere i vostri dati personali. \u00a0\r\n<h4>MISURE DI SICUREZZA<\/h4>\r\nEMS definisce opportune misure di sicurezza in conformit\u00e0 con il GDPR. Le misure adottate dalla nostra societ\u00e0 in materia di sicurezza dei dati garantiranno un adeguato livello di protezione dai rischi riguardanti la riservatezza, l&#8217;integrit\u00e0, la disponibilit\u00e0 e la resilienza dei sistemi e dei dati. Abbiamo implementato misure di sicurezza volte a garantire che le vostre informazioni personali siano conservate in condizioni sicure e i nostri siti web e sistemi IT dispongono di meccanismi di sicurezza destinati a proteggere dalla perdita, dall&#8217;uso improprio e dall&#8217;alterazione delle informazioni poste sotto controllo. Limitiamo l&#8217;accesso ai vostri dati personali ai nostri dipendenti e ad agenti di terze parti, che riteniamo debbano necessariamente avere accesso a tali dati per fornirvi le informazioni o i servizi che ci richiedete. Qualora vi sia stata fornita una password (o laddove l&#8217;abbiate scelta personalmente) che vi consente di accedere ad alcune parti dei nostri siti web, siete responsabili della riservatezza di tale password. Non esistono tuttavia metodi di trasmissione su Internet sicuri al 100%. Anche se faremo del nostro meglio per proteggere i vostri dati personali, non possiamo garantire l&#8217;assoluta sicurezza della trasmissione dei vostri dati ai nostri sistemi. Qualsiasi trasmissione avviene a vostro rischio e pericolo. Una volta ricevute le vostre informazioni, applicheremo procedure e funzioni di sicurezza rigorose finalizzate a prevenire qualsiasi accesso non autorizzato. \u00a0\r\n<h4>I VOSTRI DIRITTI<\/h4>\r\nPotete contattarci e richiedere l&#8217;accesso ai vostri dati personali in qualsiasi momento. Su richiesta, vi forniremo una copia dei vostri dati personali. Potete richiederci di correggere eventuali inesattezze dei vostri dati personali. Potete chiederci di cancellare le informazioni in nostro possesso che vi riguardano. Ai fini dell&#8217;adempimento di obblighi legali, siamo tuttavia tenuti a tenere traccia di alcune informazioni riguardanti le transazioni e, in determinate circostanze, potremmo pertanto non essere in grado di cancellare completamente le vostre informazioni. Potete richiederci di revocare l&#8217;iscrizione alle comunicazioni di marketing in qualsiasi momento. Se desiderate revocare l&#8217;iscrizione alle comunicazioni di marketing, \u00e8 sufficiente fare clic sul link di revoca del servizio fornito in ogni e-mail. Avete il diritto di essere informati di qualsiasi processo decisionale automatizzato, inclusa la profilazione, che intendiamo eseguire. Qualora riteniate che il trattamento dei vostri dati personali violi la normativa UE sulla protezione dei dati, avete il diritto di presentare un reclamo all&#8217;autorit\u00e0 competente nel paese in cui avete sede o in qualsiasi altro luogo dell&#8217;UE in cui ritenete che si sia verificata la violazione. Potete esercitare i vostri diritti in qualsiasi momento contattandoci all&#8217;indirizzo sotto indicato. \u00a0\r\n<h4>COOKIE<\/h4>\r\nPer informazioni dettagliate riguardanti i cookie e la protezione dei dati, vi invitiamo a consultare la nostra pagina dedicata denominata \u201c<a href=\"https:\/\/www.ems-dental.com\/it\/cookie-policy\" target=\"_blank\" rel=\"noopener\">Cookie Policy<\/a>\u201d sul nostro sito web aziendale. \u00a0\r\n<h4>MODIFICHE ALL&#8217;INFORMATIVA SULLA PRIVACY :<\/h4>\r\nEMS si riserva il diritto di modificare la presente Informativa sulla Privacy in qualsiasi momento. Vi invitiamo a visitare regolarmente i nostri siti web in modo da essere sempre a conoscenza di eventuali modifiche alla presente Informativa sulla privacy. Qualora dovessimo apportare modifiche sostanziali alla presente Informativa sulla privacy, ve lo comunicheremo tramite l&#8217;Informativa stessa, per e-mail o con un avviso che apparir\u00e0 sulla nostra homepage. La data riportata all&#8217;inizio di questa pagina indica l&#8217;ultimo aggiornamento della presente Informativa sulla privacy. \u00a0\r\n<h4>CONTATTI\u00a0:<\/h4>\r\nSe avete domande, commenti o richieste relative ai vostri dati personali, inviateci un&#8217;e-mail al seguente indirizzo e-mail:\u00a0<a href=\"mailto:privacy@ems-ch.com\">privacy@ems-ch.com<\/a>\u00a0o contattateci all&#8217;indirizzo:: <strong>E.M.S. Electro Medical Systems S.A<\/strong> Data Protection Officer Chemin de la Vuarpilli\u00e8re 31 1260 Nyon, Svizzera Per qualsiasi domanda riguardante la privacy o le informazioni personali, potete anche utilizzare la nostra pagina\u00a0<a href=\"https:\/\/www.ems-dental.com\/en\/privacy-form\" target=\"_blank\" rel=\"noopener\">Richiesta di accesso dell&#8217;interessato<\/a>.<\/div>\r\n<\/div>\r\n<\/div>\r\n<\/div>\r\n<\/div>\r\n<\/div>\r\n<\/div>\r\n<\/div>\r\n<\/div>\r\n<\/div>\r\n<\/div>\r\n<\/div>","protected":false},"excerpt":{"rendered":"<p>Ultimo aggiornamento: settembre 2021 E.M.S. Electro Medical Systems S.A., con sede legale a Chemin de la Vuarpilli\u00e8re 31, 1260 Nyon, Svizzera (&#8220;Noi&#8221;\u00a0o\u00a0&#8220;EMS&#8221;) e le sue affiliate si impegnano a salvaguardare e rispettare la vostra privacy. La presente Informativa sulla privacy stabilisce le basi su cui trattiamo i dati personali che raccogliamo da voi o che [&hellip;]<\/p>\n","protected":false},"author":592,"featured_media":0,"parent":0,"menu_order":100,"comment_status":"closed","ping_status":"open","template":"pg-services.php","meta":{"_acf_changed":false,"site-sidebar-layout":"default","site-content-layout":"page-builder","ast-site-content-layout":"full-width-container","site-content-style":"unboxed","site-sidebar-style":"unboxed","ast-global-header-display":"","ast-banner-title-visibility":"","ast-main-header-display":"","ast-hfb-above-header-display":"","ast-hfb-below-header-display":"","ast-hfb-mobile-header-display":"","site-post-title":"","ast-breadcrumbs-content":"","ast-featured-img":"","footer-sml-layout":"","ast-disable-related-posts":"","theme-transparent-header-meta":"default","adv-header-id-meta":"","stick-header-meta":"default","header-above-stick-meta":"","header-main-stick-meta":"","header-below-stick-meta":"","astra-migrate-meta-layouts":"set","ast-page-background-enabled":"default","ast-page-background-meta":{"desktop":{"background-color":"","background-image":"","background-repeat":"repeat","background-position":"center center","background-size":"auto","background-attachment":"scroll","background-type":"","background-media":"","overlay-type":"","overlay-color":"","overlay-opacity":"","overlay-gradient":""},"tablet":{"background-color":"","background-image":"","background-repeat":"repeat","background-position":"center center","background-size":"auto","background-attachment":"scroll","background-type":"","background-media":"","overlay-type":"","overlay-color":"","overlay-opacity":"","overlay-gradient":""},"mobile":{"background-color":"","background-image":"","background-repeat":"repeat","background-position":"center center","background-size":"auto","background-attachment":"scroll","background-type":"","background-media":"","overlay-type":"","overlay-color":"","overlay-opacity":"","overlay-gradient":""}},"ast-content-background-meta":{"desktop":{"background-color":"var(--ast-global-color-5)","background-image":"","background-repeat":"repeat","background-position":"center center","background-size":"auto","background-attachment":"scroll","background-type":"","background-media":"","overlay-type":"","overlay-color":"","overlay-opacity":"","overlay-gradient":""},"tablet":{"background-color":"var(--ast-global-color-5)","background-image":"","background-repeat":"repeat","background-position":"center center","background-size":"auto","background-attachment":"scroll","background-type":"","background-media":"","overlay-type":"","overlay-color":"","overlay-opacity":"","overlay-gradient":""},"mobile":{"background-color":"var(--ast-global-color-5)","background-image":"","background-repeat":"repeat","background-position":"center center","background-size":"auto","background-attachment":"scroll","background-type":"","background-media":"","overlay-type":"","overlay-color":"","overlay-opacity":"","overlay-gradient":""}},"footnotes":""},"class_list":["post-5651","page","type-page","status-publish","hentry"],"acf":[],"_links":{"self":[{"href":"https:\/\/gbt-shop.ch\/it\/wp-json\/wp\/v2\/pages\/5651","targetHints":{"allow":["GET"]}}],"collection":[{"href":"https:\/\/gbt-shop.ch\/it\/wp-json\/wp\/v2\/pages"}],"about":[{"href":"https:\/\/gbt-shop.ch\/it\/wp-json\/wp\/v2\/types\/page"}],"author":[{"embeddable":true,"href":"https:\/\/gbt-shop.ch\/it\/wp-json\/wp\/v2\/users\/592"}],"replies":[{"embeddable":true,"href":"https:\/\/gbt-shop.ch\/it\/wp-json\/wp\/v2\/comments?post=5651"}],"version-history":[{"count":3,"href":"https:\/\/gbt-shop.ch\/it\/wp-json\/wp\/v2\/pages\/5651\/revisions"}],"predecessor-version":[{"id":7943,"href":"https:\/\/gbt-shop.ch\/it\/wp-json\/wp\/v2\/pages\/5651\/revisions\/7943"}],"wp:attachment":[{"href":"https:\/\/gbt-shop.ch\/it\/wp-json\/wp\/v2\/media?parent=5651"}],"curies":[{"name":"wp","href":"https:\/\/api.w.org\/{rel}","templated":true}]}}