{"id":6820,"date":"2021-02-08T23:47:22","date_gmt":"2021-02-08T22:47:22","guid":{"rendered":"https:\/\/gbt-shop.ch\/?page_id=6820"},"modified":"2025-05-16T13:26:11","modified_gmt":"2025-05-16T11:26:11","slug":"opzioni-di-pagamento","status":"publish","type":"page","link":"https:\/\/gbt-shop.ch\/it\/opzioni-di-pagamento\/","title":{"rendered":"Opzioni di pagamento"},"content":{"rendered":"\r\n<p>Il tuo acquisto online da noi sar\u00e0 il pi\u00f9 semplice e agevole possibile!<\/p>\r\n<p>Pertanto puoi scegliere tra diversi metodi di pagamento:<\/p>\r\n<h3>Carta di credito:<\/h3>\r\n<p>Accettiamo carte di credito MasterCard, Visa e American Express.<\/p>\r\n<p>La sicurezza dei tuoi pagamenti online \u00e8 la nostra massima priorit\u00e0. Ci\u00f2 significa che potrebbe essere necessario verificare il pagamento con carta tramite 3D Secure per completare la transazione. Contatta la tua banca per saperne di pi\u00f9 sull&#8217;autenticazione 3D Secure.<\/p>\r\n<p>I dettagli di pagamento non vengono salvati.<\/p>\r\n<h3>Bonifico bancario:<\/h3>\r\n<p>L&#8217;addebito diretto ACH \u00e8 un metodo di pagamento sicuro e conveniente che non richiede una carta di credito.<\/p>\r\n<p>Al momento del pagamento, seleziona &#8220;Addebito diretto&#8221; come metodo di pagamento.<br \/>Verrai reindirizzato automaticamente al nostro sito web di pagamento sicuro, dove potrai inserire i dati del tuo conto bancario.<br \/>Una volta completato il pagamento, verrai reindirizzato al nostro negozio. Ci vorranno 5 giorni prima che il trasferimento venga effettuato.<br \/>Riceverai un&#8217;e-mail alla conferma del pagamento.<\/p>\r\n<p>Si applicano i nostri termini e condizioni generali (<a href=\"https:\/\/gbt-shop.ch\/gtc\/\">CGC<\/a>).<\/p>\r\n","protected":false},"excerpt":{"rendered":"<p>Il tuo acquisto online da noi sar\u00e0 il pi\u00f9 semplice e agevole possibile! Pertanto puoi scegliere tra diversi metodi di pagamento: Carta di credito: Accettiamo carte di credito MasterCard, Visa e American Express. La sicurezza dei tuoi pagamenti online \u00e8 la nostra massima priorit\u00e0. Ci\u00f2 significa che potrebbe essere necessario verificare il pagamento con carta [&hellip;]<\/p>\n","protected":false},"author":592,"featured_media":0,"parent":0,"menu_order":0,"comment_status":"closed","ping_status":"closed","template":"pg-services.php","meta":{"_acf_changed":false,"site-sidebar-layout":"default","site-content-layout":"page-builder","ast-site-content-layout":"full-width-container","site-content-style":"unboxed","site-sidebar-style":"unboxed","ast-global-header-display":"","ast-banner-title-visibility":"","ast-main-header-display":"","ast-hfb-above-header-display":"","ast-hfb-below-header-display":"","ast-hfb-mobile-header-display":"","site-post-title":"","ast-breadcrumbs-content":"","ast-featured-img":"","footer-sml-layout":"","ast-disable-related-posts":"","theme-transparent-header-meta":"default","adv-header-id-meta":"","stick-header-meta":"default","header-above-stick-meta":"","header-main-stick-meta":"","header-below-stick-meta":"","astra-migrate-meta-layouts":"set","ast-page-background-enabled":"default","ast-page-background-meta":{"desktop":{"background-color":"","background-image":"","background-repeat":"repeat","background-position":"center center","background-size":"auto","background-attachment":"scroll","background-type":"","background-media":"","overlay-type":"","overlay-color":"","overlay-opacity":"","overlay-gradient":""},"tablet":{"background-color":"","background-image":"","background-repeat":"repeat","background-position":"center center","background-size":"auto","background-attachment":"scroll","background-type":"","background-media":"","overlay-type":"","overlay-color":"","overlay-opacity":"","overlay-gradient":""},"mobile":{"background-color":"","background-image":"","background-repeat":"repeat","background-position":"center center","background-size":"auto","background-attachment":"scroll","background-type":"","background-media":"","overlay-type":"","overlay-color":"","overlay-opacity":"","overlay-gradient":""}},"ast-content-background-meta":{"desktop":{"background-color":"var(--ast-global-color-5)","background-image":"","background-repeat":"repeat","background-position":"center center","background-size":"auto","background-attachment":"scroll","background-type":"","background-media":"","overlay-type":"","overlay-color":"","overlay-opacity":"","overlay-gradient":""},"tablet":{"background-color":"var(--ast-global-color-5)","background-image":"","background-repeat":"repeat","background-position":"center center","background-size":"auto","background-attachment":"scroll","background-type":"","background-media":"","overlay-type":"","overlay-color":"","overlay-opacity":"","overlay-gradient":""},"mobile":{"background-color":"var(--ast-global-color-5)","background-image":"","background-repeat":"repeat","background-position":"center center","background-size":"auto","background-attachment":"scroll","background-type":"","background-media":"","overlay-type":"","overlay-color":"","overlay-opacity":"","overlay-gradient":""}},"footnotes":""},"class_list":["post-6820","page","type-page","status-publish","hentry"],"acf":[],"_links":{"self":[{"href":"https:\/\/gbt-shop.ch\/it\/wp-json\/wp\/v2\/pages\/6820","targetHints":{"allow":["GET"]}}],"collection":[{"href":"https:\/\/gbt-shop.ch\/it\/wp-json\/wp\/v2\/pages"}],"about":[{"href":"https:\/\/gbt-shop.ch\/it\/wp-json\/wp\/v2\/types\/page"}],"author":[{"embeddable":true,"href":"https:\/\/gbt-shop.ch\/it\/wp-json\/wp\/v2\/users\/592"}],"replies":[{"embeddable":true,"href":"https:\/\/gbt-shop.ch\/it\/wp-json\/wp\/v2\/comments?post=6820"}],"version-history":[{"count":1,"href":"https:\/\/gbt-shop.ch\/it\/wp-json\/wp\/v2\/pages\/6820\/revisions"}],"predecessor-version":[{"id":6825,"href":"https:\/\/gbt-shop.ch\/it\/wp-json\/wp\/v2\/pages\/6820\/revisions\/6825"}],"wp:attachment":[{"href":"https:\/\/gbt-shop.ch\/it\/wp-json\/wp\/v2\/media?parent=6820"}],"curies":[{"name":"wp","href":"https:\/\/api.w.org\/{rel}","templated":true}]}}